{"id":576,"date":"2025-12-10T08:20:33","date_gmt":"2025-12-10T08:20:33","guid":{"rendered":"https:\/\/www.abueliasbbq.com\/reservations\/"},"modified":"2025-12-28T03:34:02","modified_gmt":"2025-12-28T03:34:02","slug":"reservations","status":"publish","type":"page","link":"https:\/\/www.abueliasbbq.com\/es\/reservations\/","title":{"rendered":"Reservas"},"content":{"rendered":"\n<p><strong>Reserve una Mesa<\/strong><\/p>\n\n\n\n<p>y asegure su lugar para una aut\u00e9ntica experiencia gastron\u00f3mica jordana en Abu Elisa Restaurant.<\/p>\n\n\n\n<p>Para realizar reservas, simplemente ll\u00e1menos al +962 7 9601 2059 o utilice el formulario de reservac<\/p>\n\n\n\n<h2 class=\"wp-block-heading\"><strong>Eventos y Cenas Privadas<\/strong><\/h2>\n\n\n\n<p>Abu Elisa Restaurant ofrece espacios vers\u00e1tiles para sus ocasiones especiales. Distribuido en tres pisos distintivos, nuestro restaurante es ideal para reuniones privadas y celebraciones.<br>&nbsp;Podemos ofrecer la reserva completa del restaurante para eventos de hasta <strong>250 invitados<\/strong>, perfecto para bodas, celebraciones familiares y eventos corporativos.<\/p>\n\n\n\n<p>Nuestro ambiente aut\u00e9ntico brinda un escenario \u00fanico para almuerzos de negocios, cenas \u00edntimas y celebraciones culturales. Para planificar su evento, por favor llame a nuestro equipo al <strong>+962 7 9601 2059<\/strong> o escr\u00edbanos a <strong>sales@abuelisabbq.com<\/strong>.<\/p>\n","protected":false},"excerpt":{"rendered":"<p>Reserva tu lugar para disfrutar la mejor comida tradicional y hospitalidad de Petra.<\/p>\n","protected":false},"author":1,"featured_media":577,"parent":0,"menu_order":0,"comment_status":"closed","ping_status":"closed","template":"","meta":{"_acf_changed":false,"footnotes":""},"class_list":["post-576","page","type-page","status-publish","has-post-thumbnail","hentry"],"acf":[],"yoast_head":"<!-- This site is optimized with the Yoast SEO plugin v26.6 - https:\/\/yoast.com\/wordpress\/plugins\/seo\/ -->\n<title>Reservas - Abu Elias BBQ<\/title>\n<meta name=\"robots\" content=\"index, follow, max-snippet:-1, max-image-preview:large, max-video-preview:-1\" \/>\n<link rel=\"canonical\" href=\"https:\/\/www.abueliasbbq.com\/es\/reservations\/\" \/>\n<meta property=\"og:locale\" content=\"es_ES\" \/>\n<meta property=\"og:type\" content=\"article\" \/>\n<meta property=\"og:title\" content=\"Reservas - Abu Elias BBQ\" \/>\n<meta property=\"og:description\" content=\"Reserva tu lugar para disfrutar la mejor comida tradicional y hospitalidad de Petra.\" \/>\n<meta property=\"og:url\" content=\"https:\/\/www.abueliasbbq.com\/es\/reservations\/\" \/>\n<meta property=\"og:site_name\" content=\"Abu Elias BBQ\" \/>\n<meta property=\"article:publisher\" content=\"https:\/\/www.facebook.com\/profile.php?id=100075897411171\" \/>\n<meta property=\"article:modified_time\" content=\"2025-12-28T03:34:02+00:00\" \/>\n<meta property=\"og:image\" content=\"https:\/\/www.abueliasbbq.com\/wp-content\/uploads\/2025\/12\/Book-a-Table.jpg\" \/>\n\t<meta property=\"og:image:width\" content=\"600\" \/>\n\t<meta property=\"og:image:height\" content=\"800\" \/>\n\t<meta property=\"og:image:type\" content=\"image\/jpeg\" \/>\n<meta name=\"twitter:card\" content=\"summary_large_image\" \/>\n<meta name=\"twitter:label1\" content=\"Tiempo de lectura\" \/>\n\t<meta name=\"twitter:data1\" content=\"1 minuto\" \/>\n<script type=\"application\/ld+json\" class=\"yoast-schema-graph\">{\"@context\":\"https:\/\/schema.org\",\"@graph\":[{\"@type\":\"WebPage\",\"@id\":\"https:\/\/www.abueliasbbq.com\/es\/reservations\/\",\"url\":\"https:\/\/www.abueliasbbq.com\/es\/reservations\/\",\"name\":\"Reservas - Abu Elias BBQ\",\"isPartOf\":{\"@id\":\"https:\/\/www.abueliasbbq.com\/es\/#website\"},\"primaryImageOfPage\":{\"@id\":\"https:\/\/www.abueliasbbq.com\/es\/reservations\/#primaryimage\"},\"image\":{\"@id\":\"https:\/\/www.abueliasbbq.com\/es\/reservations\/#primaryimage\"},\"thumbnailUrl\":\"https:\/\/www.abueliasbbq.com\/wp-content\/uploads\/2025\/12\/Book-a-Table.jpg\",\"datePublished\":\"2025-12-10T08:20:33+00:00\",\"dateModified\":\"2025-12-28T03:34:02+00:00\",\"breadcrumb\":{\"@id\":\"https:\/\/www.abueliasbbq.com\/es\/reservations\/#breadcrumb\"},\"inLanguage\":\"es\",\"potentialAction\":[{\"@type\":\"ReadAction\",\"target\":[\"https:\/\/www.abueliasbbq.com\/es\/reservations\/\"]}]},{\"@type\":\"ImageObject\",\"inLanguage\":\"es\",\"@id\":\"https:\/\/www.abueliasbbq.com\/es\/reservations\/#primaryimage\",\"url\":\"https:\/\/www.abueliasbbq.com\/wp-content\/uploads\/2025\/12\/Book-a-Table.jpg\",\"contentUrl\":\"https:\/\/www.abueliasbbq.com\/wp-content\/uploads\/2025\/12\/Book-a-Table.jpg\",\"width\":600,\"height\":800},{\"@type\":\"BreadcrumbList\",\"@id\":\"https:\/\/www.abueliasbbq.com\/es\/reservations\/#breadcrumb\",\"itemListElement\":[{\"@type\":\"ListItem\",\"position\":1,\"name\":\"Home\",\"item\":\"https:\/\/www.abueliasbbq.com\/es\/\"},{\"@type\":\"ListItem\",\"position\":2,\"name\":\"Reservas\"}]},{\"@type\":\"WebSite\",\"@id\":\"https:\/\/www.abueliasbbq.com\/es\/#website\",\"url\":\"https:\/\/www.abueliasbbq.com\/es\/\",\"name\":\"Abu Elias BBQ\",\"description\":\"\",\"publisher\":{\"@id\":\"https:\/\/www.abueliasbbq.com\/es\/#organization\"},\"potentialAction\":[{\"@type\":\"SearchAction\",\"target\":{\"@type\":\"EntryPoint\",\"urlTemplate\":\"https:\/\/www.abueliasbbq.com\/es\/?s={search_term_string}\"},\"query-input\":{\"@type\":\"PropertyValueSpecification\",\"valueRequired\":true,\"valueName\":\"search_term_string\"}}],\"inLanguage\":\"es\"},{\"@type\":\"Organization\",\"@id\":\"https:\/\/www.abueliasbbq.com\/es\/#organization\",\"name\":\"Abu Elias BBQ\",\"url\":\"https:\/\/www.abueliasbbq.com\/es\/\",\"logo\":{\"@type\":\"ImageObject\",\"inLanguage\":\"es\",\"@id\":\"https:\/\/www.abueliasbbq.com\/es\/#\/schema\/logo\/image\/\",\"url\":\"https:\/\/www.abueliasbbq.com\/wp-content\/uploads\/2025\/12\/Abu-Elisa-Logo-Ver-1-ss-Custom.png\",\"contentUrl\":\"https:\/\/www.abueliasbbq.com\/wp-content\/uploads\/2025\/12\/Abu-Elisa-Logo-Ver-1-ss-Custom.png\",\"width\":512,\"height\":512,\"caption\":\"Abu Elias BBQ\"},\"image\":{\"@id\":\"https:\/\/www.abueliasbbq.com\/es\/#\/schema\/logo\/image\/\"},\"sameAs\":[\"https:\/\/www.facebook.com\/profile.php?id=100075897411171\",\"https:\/\/www.instagram.com\/restaurantabuelias\/\"]}]}<\/script>\n<!-- \/ Yoast SEO plugin. -->","yoast_head_json":{"title":"Reservas - Abu Elias BBQ","robots":{"index":"index","follow":"follow","max-snippet":"max-snippet:-1","max-image-preview":"max-image-preview:large","max-video-preview":"max-video-preview:-1"},"canonical":"https:\/\/www.abueliasbbq.com\/es\/reservations\/","og_locale":"es_ES","og_type":"article","og_title":"Reservas - Abu Elias BBQ","og_description":"Reserva tu lugar para disfrutar la mejor comida tradicional y hospitalidad de Petra.","og_url":"https:\/\/www.abueliasbbq.com\/es\/reservations\/","og_site_name":"Abu Elias BBQ","article_publisher":"https:\/\/www.facebook.com\/profile.php?id=100075897411171","article_modified_time":"2025-12-28T03:34:02+00:00","og_image":[{"width":600,"height":800,"url":"https:\/\/www.abueliasbbq.com\/wp-content\/uploads\/2025\/12\/Book-a-Table.jpg","type":"image\/jpeg"}],"twitter_card":"summary_large_image","twitter_misc":{"Tiempo de lectura":"1 minuto"},"schema":{"@context":"https:\/\/schema.org","@graph":[{"@type":"WebPage","@id":"https:\/\/www.abueliasbbq.com\/es\/reservations\/","url":"https:\/\/www.abueliasbbq.com\/es\/reservations\/","name":"Reservas - Abu Elias BBQ","isPartOf":{"@id":"https:\/\/www.abueliasbbq.com\/es\/#website"},"primaryImageOfPage":{"@id":"https:\/\/www.abueliasbbq.com\/es\/reservations\/#primaryimage"},"image":{"@id":"https:\/\/www.abueliasbbq.com\/es\/reservations\/#primaryimage"},"thumbnailUrl":"https:\/\/www.abueliasbbq.com\/wp-content\/uploads\/2025\/12\/Book-a-Table.jpg","datePublished":"2025-12-10T08:20:33+00:00","dateModified":"2025-12-28T03:34:02+00:00","breadcrumb":{"@id":"https:\/\/www.abueliasbbq.com\/es\/reservations\/#breadcrumb"},"inLanguage":"es","potentialAction":[{"@type":"ReadAction","target":["https:\/\/www.abueliasbbq.com\/es\/reservations\/"]}]},{"@type":"ImageObject","inLanguage":"es","@id":"https:\/\/www.abueliasbbq.com\/es\/reservations\/#primaryimage","url":"https:\/\/www.abueliasbbq.com\/wp-content\/uploads\/2025\/12\/Book-a-Table.jpg","contentUrl":"https:\/\/www.abueliasbbq.com\/wp-content\/uploads\/2025\/12\/Book-a-Table.jpg","width":600,"height":800},{"@type":"BreadcrumbList","@id":"https:\/\/www.abueliasbbq.com\/es\/reservations\/#breadcrumb","itemListElement":[{"@type":"ListItem","position":1,"name":"Home","item":"https:\/\/www.abueliasbbq.com\/es\/"},{"@type":"ListItem","position":2,"name":"Reservas"}]},{"@type":"WebSite","@id":"https:\/\/www.abueliasbbq.com\/es\/#website","url":"https:\/\/www.abueliasbbq.com\/es\/","name":"Abu Elias BBQ","description":"","publisher":{"@id":"https:\/\/www.abueliasbbq.com\/es\/#organization"},"potentialAction":[{"@type":"SearchAction","target":{"@type":"EntryPoint","urlTemplate":"https:\/\/www.abueliasbbq.com\/es\/?s={search_term_string}"},"query-input":{"@type":"PropertyValueSpecification","valueRequired":true,"valueName":"search_term_string"}}],"inLanguage":"es"},{"@type":"Organization","@id":"https:\/\/www.abueliasbbq.com\/es\/#organization","name":"Abu Elias BBQ","url":"https:\/\/www.abueliasbbq.com\/es\/","logo":{"@type":"ImageObject","inLanguage":"es","@id":"https:\/\/www.abueliasbbq.com\/es\/#\/schema\/logo\/image\/","url":"https:\/\/www.abueliasbbq.com\/wp-content\/uploads\/2025\/12\/Abu-Elisa-Logo-Ver-1-ss-Custom.png","contentUrl":"https:\/\/www.abueliasbbq.com\/wp-content\/uploads\/2025\/12\/Abu-Elisa-Logo-Ver-1-ss-Custom.png","width":512,"height":512,"caption":"Abu Elias BBQ"},"image":{"@id":"https:\/\/www.abueliasbbq.com\/es\/#\/schema\/logo\/image\/"},"sameAs":["https:\/\/www.facebook.com\/profile.php?id=100075897411171","https:\/\/www.instagram.com\/restaurantabuelias\/"]}]}},"_links":{"self":[{"href":"https:\/\/www.abueliasbbq.com\/es\/wp-json\/wp\/v2\/pages\/576","targetHints":{"allow":["GET"]}}],"collection":[{"href":"https:\/\/www.abueliasbbq.com\/es\/wp-json\/wp\/v2\/pages"}],"about":[{"href":"https:\/\/www.abueliasbbq.com\/es\/wp-json\/wp\/v2\/types\/page"}],"author":[{"embeddable":true,"href":"https:\/\/www.abueliasbbq.com\/es\/wp-json\/wp\/v2\/users\/1"}],"replies":[{"embeddable":true,"href":"https:\/\/www.abueliasbbq.com\/es\/wp-json\/wp\/v2\/comments?post=576"}],"version-history":[{"count":5,"href":"https:\/\/www.abueliasbbq.com\/es\/wp-json\/wp\/v2\/pages\/576\/revisions"}],"predecessor-version":[{"id":590,"href":"https:\/\/www.abueliasbbq.com\/es\/wp-json\/wp\/v2\/pages\/576\/revisions\/590"}],"wp:featuredmedia":[{"embeddable":true,"href":"https:\/\/www.abueliasbbq.com\/es\/wp-json\/wp\/v2\/media\/577"}],"wp:attachment":[{"href":"https:\/\/www.abueliasbbq.com\/es\/wp-json\/wp\/v2\/media?parent=576"}],"curies":[{"name":"wp","href":"https:\/\/api.w.org\/{rel}","templated":true}]}}